{"id":24,"date":"2023-09-25T03:57:13","date_gmt":"2023-09-25T03:57:13","guid":{"rendered":"https:\/\/panaderiajuarez.com\/?page_id=24"},"modified":"2023-10-17T07:42:53","modified_gmt":"2023-10-17T07:42:53","slug":"nosotros","status":"publish","type":"page","link":"https:\/\/panaderiajuarez.com\/index.php\/nosotros\/","title":{"rendered":"NOSOTROS"},"content":{"rendered":"\n<div class=\"wp-block-columns is-layout-flex wp-container-core-columns-layout-2 wp-block-columns-is-layout-flex\">\n<div class=\"wp-block-column is-layout-flow wp-block-column-is-layout-flow\">\n<div class=\"wp-block-columns is-layout-flex wp-container-core-columns-layout-1 wp-block-columns-is-layout-flex\">\n<div class=\"wp-block-column is-layout-flow wp-block-column-is-layout-flow\">\n<figure class=\"wp-block-image aligncenter size-large is-resized\"><img loading=\"lazy\" decoding=\"async\" width=\"945\" height=\"1024\" src=\"http:\/\/panaderiajuarez.com\/wp-content\/uploads\/2023\/10\/IMG_3342-945x1024.jpg\" alt=\"\" class=\"wp-image-201\" style=\"aspect-ratio:0.9228515625;width:404px;height:auto\" srcset=\"https:\/\/panaderiajuarez.com\/wp-content\/uploads\/2023\/10\/IMG_3342-945x1024.jpg 945w, https:\/\/panaderiajuarez.com\/wp-content\/uploads\/2023\/10\/IMG_3342-277x300.jpg 277w, https:\/\/panaderiajuarez.com\/wp-content\/uploads\/2023\/10\/IMG_3342-768x832.jpg 768w, https:\/\/panaderiajuarez.com\/wp-content\/uploads\/2023\/10\/IMG_3342-1417x1536.jpg 1417w, https:\/\/panaderiajuarez.com\/wp-content\/uploads\/2023\/10\/IMG_3342-1890x2048.jpg 1890w, https:\/\/panaderiajuarez.com\/wp-content\/uploads\/2023\/10\/IMG_3342-1320x1431.jpg 1320w, https:\/\/panaderiajuarez.com\/wp-content\/uploads\/2023\/10\/IMG_3342-600x650.jpg 600w\" sizes=\"(max-width: 945px) 100vw, 945px\" \/><\/figure>\n<\/div>\n\n\n\n<div class=\"wp-block-column is-layout-flow wp-block-column-is-layout-flow\">\n<div class=\"wp-block-cover alignfull is-light\"><span aria-hidden=\"true\" class=\"wp-block-cover__background has-background-dim-100 has-background-dim\" style=\"background-color:#dfd2bc\"><\/span><div class=\"wp-block-cover__inner-container is-layout-flow wp-block-cover-is-layout-flow\">\n<h2 class=\"wp-block-heading has-text-align-center has-black-color has-text-color\">\u00bfQUIENES SOMOS?<\/h2>\n\n\n\n<p style=\"color: #363737; text-align: center;\">Somos una empresa dedicada a elaborar la cemita tradicional tlaxiaque\u00f1a y sus variedades, as\u00ed como una amplia variedad de panes tradicionales de la regi\u00f3n y adem\u00e1s de otros productos como el chocolate. Nuestra trayectoria trasciende desde hace tres generaciones, convirti\u00e9ndonos en un referente que mantiene y conserva a lo largo de los a\u00f1os el patrimonio cultural y gastron\u00f3mico de los mixtecos tlaxiaque\u00f1os.<\/p>\n<\/div><\/div>\n<\/div>\n<\/div>\n<\/div>\n<\/div>\n\n\n\n<div class=\"wp-block-cover alignfull is-light\" style=\"min-height:276px\"><span aria-hidden=\"true\" class=\"wp-block-cover__background has-background-dim-100 has-background-dim\" style=\"background-color:#d9b386\"><\/span><div class=\"wp-block-cover__inner-container is-layout-constrained wp-block-cover-is-layout-constrained\">\n<div class=\"wp-block-columns is-layout-flex wp-container-core-columns-layout-3 wp-block-columns-is-layout-flex\">\n<div class=\"wp-block-column is-layout-flow wp-block-column-is-layout-flow\">\n<h2 class=\"wp-block-heading has-text-align-center has-black-color has-text-color\">MISION<\/h2>\n\n\n\n<p style=\"color: #474040; text-align: center;\">CONTINUAR SATISFACIENDO EL PALADAR DE LOS\/AS TLAXIAQUE\u00d1OS DENTRO Y FUERA DEL ESTADO, OFRECIENDO UN SERVICIO DE CALIDAD PARA SUPERAR LAS EXPECTATIVAS DE NUESTROS CLIENTES Y NUEVOS COMENSALES<\/p>\n\n\n\n<figure class=\"wp-block-image aligncenter size-large is-resized\"><img loading=\"lazy\" decoding=\"async\" width=\"2560\" height=\"2560\" src=\"https:\/\/panaderiajuarez.com\/wp-content\/uploads\/2023\/10\/IMG_3307-edited-scaled.jpg\" alt=\"\" class=\"wp-image-282\" style=\"aspect-ratio:1;width:210px;height:auto\" srcset=\"https:\/\/panaderiajuarez.com\/wp-content\/uploads\/2023\/10\/IMG_3307-edited-scaled.jpg 2560w, https:\/\/panaderiajuarez.com\/wp-content\/uploads\/2023\/10\/IMG_3307-edited-300x300.jpg 300w, https:\/\/panaderiajuarez.com\/wp-content\/uploads\/2023\/10\/IMG_3307-edited-1024x1024.jpg 1024w, https:\/\/panaderiajuarez.com\/wp-content\/uploads\/2023\/10\/IMG_3307-edited-150x150.jpg 150w, https:\/\/panaderiajuarez.com\/wp-content\/uploads\/2023\/10\/IMG_3307-edited-768x768.jpg 768w, https:\/\/panaderiajuarez.com\/wp-content\/uploads\/2023\/10\/IMG_3307-edited-1536x1536.jpg 1536w, https:\/\/panaderiajuarez.com\/wp-content\/uploads\/2023\/10\/IMG_3307-edited-2048x2048.jpg 2048w, https:\/\/panaderiajuarez.com\/wp-content\/uploads\/2023\/10\/IMG_3307-edited-1320x1320.jpg 1320w, https:\/\/panaderiajuarez.com\/wp-content\/uploads\/2023\/10\/IMG_3307-edited-600x600.jpg 600w, https:\/\/panaderiajuarez.com\/wp-content\/uploads\/2023\/10\/IMG_3307-edited-100x100.jpg 100w\" sizes=\"(max-width: 2560px) 100vw, 2560px\" \/><\/figure>\n<\/div>\n\n\n\n<div class=\"wp-block-column is-layout-flow wp-block-column-is-layout-flow\">\n<h2 class=\"wp-block-heading has-text-align-center has-black-color has-text-color\">VISION<\/h2>\n\n\n\n<p style=\"color: #474040; text-align: center;\">PRESERVAR Y ACTUALIZAR NUESTRO NEGOCIO ANTE LAS ADVERSIDADES QUE PUEDAN PONER EN RIESGO NUESTRO PATRIMONIO GASTRONOMICO Y CULTURAL PARA TRASMITIRLO A NUEVAS GENERACIONES Y LOGRAR UN MEJOR POSICIONAMIENTO<\/p>\n\n\n\n<figure class=\"wp-block-image aligncenter size-large is-resized\"><img loading=\"lazy\" decoding=\"async\" width=\"2459\" height=\"2459\" src=\"https:\/\/panaderiajuarez.com\/wp-content\/uploads\/2023\/10\/APC_0001-edited.jpg\" alt=\"\" class=\"wp-image-285\" style=\"aspect-ratio:1;width:207px;height:auto\" srcset=\"https:\/\/panaderiajuarez.com\/wp-content\/uploads\/2023\/10\/APC_0001-edited.jpg 2459w, https:\/\/panaderiajuarez.com\/wp-content\/uploads\/2023\/10\/APC_0001-edited-300x300.jpg 300w, https:\/\/panaderiajuarez.com\/wp-content\/uploads\/2023\/10\/APC_0001-edited-1024x1024.jpg 1024w, https:\/\/panaderiajuarez.com\/wp-content\/uploads\/2023\/10\/APC_0001-edited-150x150.jpg 150w, https:\/\/panaderiajuarez.com\/wp-content\/uploads\/2023\/10\/APC_0001-edited-768x768.jpg 768w, https:\/\/panaderiajuarez.com\/wp-content\/uploads\/2023\/10\/APC_0001-edited-1536x1536.jpg 1536w, https:\/\/panaderiajuarez.com\/wp-content\/uploads\/2023\/10\/APC_0001-edited-2048x2048.jpg 2048w, https:\/\/panaderiajuarez.com\/wp-content\/uploads\/2023\/10\/APC_0001-edited-1320x1320.jpg 1320w, https:\/\/panaderiajuarez.com\/wp-content\/uploads\/2023\/10\/APC_0001-edited-600x600.jpg 600w, https:\/\/panaderiajuarez.com\/wp-content\/uploads\/2023\/10\/APC_0001-edited-100x100.jpg 100w\" sizes=\"(max-width: 2459px) 100vw, 2459px\" \/><\/figure>\n<\/div>\n\n\n\n<div class=\"wp-block-column is-layout-flow wp-container-core-column-layout-6 wp-block-column-is-layout-flow\" style=\"padding-top:0;padding-right:0;padding-bottom:0;padding-left:0\">\n<h2 class=\"wp-block-heading has-text-align-center has-black-color has-text-color\">VALORES<\/h2>\n\n\n\n<p style=\"color: #474040; text-align: center;\">TOLERANCIA<\/p>\n\n\n\n<p style=\"color: #474040; margin-right: 0px; margin-left: 0px; padding: 0px; text-align: center;\">UNION<\/p>\n\n\n\n<p style=\"color: #474040; padding-top: 1px; padding-bottom: 1px; text-align: center;\">ATENCION AL CLIENTE<\/p>\n\n\n\n<p style=\"color: #474040; text-align: center;\">RESPONSABILIDAD SOCIAL Y AMBIENTAL<\/p>\n\n\n\n<p style=\"color: #474040; text-align: center;\">CONSTANCIA<\/p>\n\n\n\n<figure class=\"wp-block-image aligncenter size-large is-resized\"><img loading=\"lazy\" decoding=\"async\" width=\"2560\" height=\"2560\" src=\"https:\/\/panaderiajuarez.com\/wp-content\/uploads\/2023\/10\/IMG_3457-edited-scaled.jpg\" alt=\"\" class=\"wp-image-286\" style=\"aspect-ratio:1;width:212px;height:auto\" srcset=\"https:\/\/panaderiajuarez.com\/wp-content\/uploads\/2023\/10\/IMG_3457-edited-scaled.jpg 2560w, https:\/\/panaderiajuarez.com\/wp-content\/uploads\/2023\/10\/IMG_3457-edited-300x300.jpg 300w, https:\/\/panaderiajuarez.com\/wp-content\/uploads\/2023\/10\/IMG_3457-edited-1024x1024.jpg 1024w, https:\/\/panaderiajuarez.com\/wp-content\/uploads\/2023\/10\/IMG_3457-edited-150x150.jpg 150w, https:\/\/panaderiajuarez.com\/wp-content\/uploads\/2023\/10\/IMG_3457-edited-768x768.jpg 768w, https:\/\/panaderiajuarez.com\/wp-content\/uploads\/2023\/10\/IMG_3457-edited-1536x1536.jpg 1536w, https:\/\/panaderiajuarez.com\/wp-content\/uploads\/2023\/10\/IMG_3457-edited-2048x2048.jpg 2048w, https:\/\/panaderiajuarez.com\/wp-content\/uploads\/2023\/10\/IMG_3457-edited-1320x1320.jpg 1320w, https:\/\/panaderiajuarez.com\/wp-content\/uploads\/2023\/10\/IMG_3457-edited-600x600.jpg 600w, https:\/\/panaderiajuarez.com\/wp-content\/uploads\/2023\/10\/IMG_3457-edited-100x100.jpg 100w\" sizes=\"(max-width: 2560px) 100vw, 2560px\" \/><\/figure>\n<\/div>\n<\/div>\n<\/div><\/div>\n\n\n\n<div class=\"wp-block-columns are-vertically-aligned-center is-layout-flex wp-container-core-columns-layout-4 wp-block-columns-is-layout-flex\">\n<div class=\"wp-block-column is-vertically-aligned-center is-layout-flow wp-block-column-is-layout-flow\" style=\"flex-basis:33.33%\">\n<figure class=\"wp-block-image size-large\"><img loading=\"lazy\" decoding=\"async\" width=\"1024\" height=\"826\" src=\"http:\/\/panaderiajuarez.com\/wp-content\/uploads\/2023\/10\/IMG_3358-1024x826.jpg\" alt=\"\" class=\"wp-image-199\" srcset=\"https:\/\/panaderiajuarez.com\/wp-content\/uploads\/2023\/10\/IMG_3358-1024x826.jpg 1024w, https:\/\/panaderiajuarez.com\/wp-content\/uploads\/2023\/10\/IMG_3358-300x242.jpg 300w, https:\/\/panaderiajuarez.com\/wp-content\/uploads\/2023\/10\/IMG_3358-768x619.jpg 768w, https:\/\/panaderiajuarez.com\/wp-content\/uploads\/2023\/10\/IMG_3358-1536x1239.jpg 1536w, https:\/\/panaderiajuarez.com\/wp-content\/uploads\/2023\/10\/IMG_3358-2048x1652.jpg 2048w, https:\/\/panaderiajuarez.com\/wp-content\/uploads\/2023\/10\/IMG_3358-1320x1065.jpg 1320w, https:\/\/panaderiajuarez.com\/wp-content\/uploads\/2023\/10\/IMG_3358-600x484.jpg 600w\" sizes=\"(max-width: 1024px) 100vw, 1024px\" \/><\/figure>\n<\/div>\n\n\n\n<div class=\"wp-block-column is-vertically-aligned-center is-layout-flow wp-block-column-is-layout-flow\" style=\"flex-basis:66.66%\">\n<h2 class=\"wp-block-heading has-text-align-center\">UN POCO DE NUESTRA HISTORIA<\/h2>\n\n\n\n<p style=\"text-align: center;\">Nuestro negocio familiar naci\u00f3 el 03 de febrero del a\u00f1o 1979 en el Barrio de San Nicol\u00e1s de la Heroica Ciudad de Tlaxiaco, Oaxaca. Los fundadores de esta herencia gastron\u00f3mica fueron el se\u00f1or Epifanio Ju\u00e1rez Ortiz y la se\u00f1ora Eva Feria Coronel, quienes comenzaron a elaborar el pan tradicional de la comunidad el cual era la cemita tlaxiaque\u00f1a. A lo largo de los a\u00f1os nuestro objetivo principal siempre ha sido conservar el patrimonio de nuestra familia as\u00ed como seguir llegando a nuestros clientes locales, nacionales e internacionales de tal forma que siempre tengan presente la calidad, frescura y sabor \u00fanico de nuestros productos.<\/p>\n<\/div>\n<\/div>\n","protected":false},"excerpt":{"rendered":"<p>UN POCO DE NUESTRA HISTORIA Nuestro negocio familiar naci\u00f3 el 03 de febrero del a\u00f1o 1979 en el Barrio de San Nicol\u00e1s de la Heroica Ciudad de Tlaxiaco, Oaxaca. Los fundadores de esta herencia gastron\u00f3mica fueron el se\u00f1or Epifanio Ju\u00e1rez Ortiz y la se\u00f1ora Eva Feria Coronel, quienes comenzaron a elaborar el pan tradicional de [&hellip;]<\/p>\n","protected":false},"author":1,"featured_media":0,"parent":0,"menu_order":0,"comment_status":"closed","ping_status":"closed","template":"","meta":{"_monsterinsights_skip_tracking":false,"_monsterinsights_sitenote_active":false,"_monsterinsights_sitenote_note":"","_monsterinsights_sitenote_category":0,"site-sidebar-layout":"default","site-content-layout":"","ast-site-content-layout":"default","site-content-style":"default","site-sidebar-style":"default","ast-global-header-display":"","ast-banner-title-visibility":"","ast-main-header-display":"","ast-hfb-above-header-display":"","ast-hfb-below-header-display":"","ast-hfb-mobile-header-display":"","site-post-title":"","ast-breadcrumbs-content":"","ast-featured-img":"","footer-sml-layout":"","theme-transparent-header-meta":"","adv-header-id-meta":"","stick-header-meta":"","header-above-stick-meta":"","header-main-stick-meta":"","header-below-stick-meta":"","astra-migrate-meta-layouts":"","ast-page-background-enabled":"default","ast-page-background-meta":{"desktop":{"background-color":"var(--ast-global-color-4)","background-image":"","background-repeat":"repeat","background-position":"center center","background-size":"auto","background-attachment":"scroll","background-type":"","background-media":"","overlay-type":"","overlay-color":"","overlay-opacity":"","overlay-gradient":""},"tablet":{"background-color":"","background-image":"","background-repeat":"repeat","background-position":"center center","background-size":"auto","background-attachment":"scroll","background-type":"","background-media":"","overlay-type":"","overlay-color":"","overlay-opacity":"","overlay-gradient":""},"mobile":{"background-color":"","background-image":"","background-repeat":"repeat","background-position":"center center","background-size":"auto","background-attachment":"scroll","background-type":"","background-media":"","overlay-type":"","overlay-color":"","overlay-opacity":"","overlay-gradient":""}},"ast-content-background-meta":{"desktop":{"background-color":"var(--ast-global-color-5)","background-image":"","background-repeat":"repeat","background-position":"center center","background-size":"auto","background-attachment":"scroll","background-type":"","background-media":"","overlay-type":"","overlay-color":"","overlay-opacity":"","overlay-gradient":""},"tablet":{"background-color":"var(--ast-global-color-5)","background-image":"","background-repeat":"repeat","background-position":"center center","background-size":"auto","background-attachment":"scroll","background-type":"","background-media":"","overlay-type":"","overlay-color":"","overlay-opacity":"","overlay-gradient":""},"mobile":{"background-color":"var(--ast-global-color-5)","background-image":"","background-repeat":"repeat","background-position":"center center","background-size":"auto","background-attachment":"scroll","background-type":"","background-media":"","overlay-type":"","overlay-color":"","overlay-opacity":"","overlay-gradient":""}},"footnotes":""},"aioseo_notices":[],"jetpack_sharing_enabled":true,"_links":{"self":[{"href":"https:\/\/panaderiajuarez.com\/index.php\/wp-json\/wp\/v2\/pages\/24"}],"collection":[{"href":"https:\/\/panaderiajuarez.com\/index.php\/wp-json\/wp\/v2\/pages"}],"about":[{"href":"https:\/\/panaderiajuarez.com\/index.php\/wp-json\/wp\/v2\/types\/page"}],"author":[{"embeddable":true,"href":"https:\/\/panaderiajuarez.com\/index.php\/wp-json\/wp\/v2\/users\/1"}],"replies":[{"embeddable":true,"href":"https:\/\/panaderiajuarez.com\/index.php\/wp-json\/wp\/v2\/comments?post=24"}],"version-history":[{"count":22,"href":"https:\/\/panaderiajuarez.com\/index.php\/wp-json\/wp\/v2\/pages\/24\/revisions"}],"predecessor-version":[{"id":322,"href":"https:\/\/panaderiajuarez.com\/index.php\/wp-json\/wp\/v2\/pages\/24\/revisions\/322"}],"wp:attachment":[{"href":"https:\/\/panaderiajuarez.com\/index.php\/wp-json\/wp\/v2\/media?parent=24"}],"curies":[{"name":"wp","href":"https:\/\/api.w.org\/{rel}","templated":true}]}}