{"id":383,"date":"2023-10-26T05:55:09","date_gmt":"2023-10-26T05:55:09","guid":{"rendered":"https:\/\/panaderiajuarez.com\/?page_id=383"},"modified":"2023-11-15T15:19:57","modified_gmt":"2023-11-15T15:19:57","slug":"ubicacion","status":"publish","type":"page","link":"https:\/\/panaderiajuarez.com\/index.php\/ubicacion\/","title":{"rendered":"UBICACI\u00d3N"},"content":{"rendered":"\n<div class=\"wp-block-cover alignfull is-light\" style=\"min-height:127px\"><span aria-hidden=\"true\" class=\"wp-block-cover__background has-background-dim-100 has-background-dim\" style=\"background-color:#d9b386\"><\/span><div class=\"wp-block-cover__inner-container is-layout-flow wp-block-cover-is-layout-flow\">\n<p class=\"has-text-align-center has-black-color has-text-color has-medium-font-size\" style=\"padding-top:0;padding-right:0;padding-bottom:0;padding-left:0\">VISITANOS EN NUESTRAS SUCURSALES, ESTAREMOS ENCANTADOS DE ATENDERTE \u2764<\/p>\n\n\n\n<div class=\"wp-block-columns is-layout-flex wp-container-core-columns-layout-2 wp-block-columns-is-layout-flex\">\n<div class=\"wp-block-column is-layout-flow wp-block-column-is-layout-flow\">\n<div class=\"wp-block-columns is-layout-flex wp-container-core-columns-layout-1 wp-block-columns-is-layout-flex\">\n<div class=\"wp-block-column is-layout-flow wp-block-column-is-layout-flow\">\n<h5 class=\"wp-block-heading has-text-align-center has-black-color has-text-color\">\u269c SUCURSAL 1 \u269c<\/h5>\n\n\n\n<h4 class=\"wp-block-heading has-text-align-center\">EN ESTA SUCURSAL NOS ENFOCAMOS EN DAR A CONOCER NUESTRA CULTURA CON PANADER\u00cdA TRADICIONAL Y PRODUCTOS ARTESANALES<\/h4>\n\n\n\n<h6 class=\"wp-block-heading has-text-align-center has-text-color\" style=\"color:#3b3838\">LOCAL NUM. 20, MERCADO BENITO JUAREZ, FRAY CALDELAS #5, COLONIA CENTRO, HEROICA CIUDAD DE TLAXIACO, OAXACA, M\u00c9XICO CP. 69800<\/h6>\n<\/div>\n\n\n\n<div class=\"wp-block-column is-layout-flow wp-block-column-is-layout-flow\">\n<h5 class=\"wp-block-heading has-text-align-center has-black-color has-text-color\">\u269c SUCURSAL 2 \u269c<\/h5>\n\n\n\n<h4 class=\"wp-block-heading has-text-align-center\">EN ESTA SUCURSAL PODR\u00c1S ENCONTRAR DELICIAS DE REPOSTER\u00cdA ADEMAS DE GALLETAS, CAFETER\u00cdA Y POR SUPUESTO PAN DE DULCE<\/h4>\n\n\n\n<h6 class=\"wp-block-heading has-text-align-center has-text-color\" style=\"color:#3b3838\">PORFIRIO DIAZ #7, BARRIO SAN NICOLAS, HEROICA CIUDAD DE TLAXIACO, OAXACA, M\u00c9XICO CP. 69800<\/h6>\n<\/div>\n<\/div>\n<\/div>\n<\/div>\n<\/div><\/div>\n\n\n\n<div class=\"wp-block-columns is-layout-flex wp-container-core-columns-layout-3 wp-block-columns-is-layout-flex\">\n<div class=\"wp-block-column is-layout-flow wp-block-column-is-layout-flow\">\n<iframe src=\"https:\/\/www.google.com\/maps\/embed?pb=!1m18!1m12!1m3!1d3809.9786957577035!2d-97.68170012564599!3d17.268265606227466!2m3!1f0!2f0!3f0!3m2!1i1024!2i768!4f13.1!3m3!1m2!1s0x85c62f63f7ca15ff%3A0x7c312a7877729a8b!2sMercado%20municipal%20Benito%20Ju%C3%A1rez%20Garc%C3%ADa%20de%20la%20Heroica%20ciudad%20de%20Tlaxiaco%20Oaxaca!5e0!3m2!1ses-419!2smx!4v1698299635010!5m2!1ses-419!2smx\" width=\"600\" height=\"450\" style=\"border:0;\" allowfullscreen=\"\" loading=\"lazy\" referrerpolicy=\"no-referrer-when-downgrade\"><\/iframe>\n<\/div>\n\n\n\n<div class=\"wp-block-column is-layout-flow wp-block-column-is-layout-flow\">\n<iframe src=\"https:\/\/www.google.com\/maps\/embed?pb=!1m18!1m12!1m3!1d476.24301847202173!2d-97.6815230999364!3d17.269936853040548!2m3!1f0!2f0!3f0!3m2!1i1024!2i768!4f13.1!3m3!1m2!1s0x85c62ec384c7a82b%3A0x2259524fa1551b1d!2sPorfirio%20D%C3%ADaz%207%20H%2C%20Cd.%20de%2C%2069800%20Tlaxco%2C%20Oax.!5e0!3m2!1ses-419!2smx!4v1698300009712!5m2!1ses-419!2smx\" width=\"600\" height=\"450\" style=\"border:0;\" allowfullscreen=\"\" loading=\"lazy\" referrerpolicy=\"no-referrer-when-downgrade\"><\/iframe>\n<\/div>\n<\/div>\n","protected":false},"excerpt":{"rendered":"","protected":false},"author":1,"featured_media":0,"parent":0,"menu_order":0,"comment_status":"closed","ping_status":"closed","template":"","meta":{"_monsterinsights_skip_tracking":false,"_monsterinsights_sitenote_active":false,"_monsterinsights_sitenote_note":"","_monsterinsights_sitenote_category":0,"site-sidebar-layout":"default","site-content-layout":"","ast-site-content-layout":"default","site-content-style":"default","site-sidebar-style":"default","ast-global-header-display":"","ast-banner-title-visibility":"","ast-main-header-display":"","ast-hfb-above-header-display":"","ast-hfb-below-header-display":"","ast-hfb-mobile-header-display":"","site-post-title":"","ast-breadcrumbs-content":"","ast-featured-img":"","footer-sml-layout":"","theme-transparent-header-meta":"","adv-header-id-meta":"","stick-header-meta":"","header-above-stick-meta":"","header-main-stick-meta":"","header-below-stick-meta":"","astra-migrate-meta-layouts":"default","ast-page-background-enabled":"default","ast-page-background-meta":{"desktop":{"background-color":"var(--ast-global-color-4)","background-image":"","background-repeat":"repeat","background-position":"center center","background-size":"auto","background-attachment":"scroll","background-type":"","background-media":"","overlay-type":"","overlay-color":"","overlay-opacity":"","overlay-gradient":""},"tablet":{"background-color":"","background-image":"","background-repeat":"repeat","background-position":"center center","background-size":"auto","background-attachment":"scroll","background-type":"","background-media":"","overlay-type":"","overlay-color":"","overlay-opacity":"","overlay-gradient":""},"mobile":{"background-color":"","background-image":"","background-repeat":"repeat","background-position":"center center","background-size":"auto","background-attachment":"scroll","background-type":"","background-media":"","overlay-type":"","overlay-color":"","overlay-opacity":"","overlay-gradient":""}},"ast-content-background-meta":{"desktop":{"background-color":"var(--ast-global-color-5)","background-image":"","background-repeat":"repeat","background-position":"center center","background-size":"auto","background-attachment":"scroll","background-type":"","background-media":"","overlay-type":"","overlay-color":"","overlay-opacity":"","overlay-gradient":""},"tablet":{"background-color":"var(--ast-global-color-5)","background-image":"","background-repeat":"repeat","background-position":"center center","background-size":"auto","background-attachment":"scroll","background-type":"","background-media":"","overlay-type":"","overlay-color":"","overlay-opacity":"","overlay-gradient":""},"mobile":{"background-color":"var(--ast-global-color-5)","background-image":"","background-repeat":"repeat","background-position":"center center","background-size":"auto","background-attachment":"scroll","background-type":"","background-media":"","overlay-type":"","overlay-color":"","overlay-opacity":"","overlay-gradient":""}},"footnotes":""},"aioseo_notices":[],"jetpack_sharing_enabled":true,"_links":{"self":[{"href":"https:\/\/panaderiajuarez.com\/index.php\/wp-json\/wp\/v2\/pages\/383"}],"collection":[{"href":"https:\/\/panaderiajuarez.com\/index.php\/wp-json\/wp\/v2\/pages"}],"about":[{"href":"https:\/\/panaderiajuarez.com\/index.php\/wp-json\/wp\/v2\/types\/page"}],"author":[{"embeddable":true,"href":"https:\/\/panaderiajuarez.com\/index.php\/wp-json\/wp\/v2\/users\/1"}],"replies":[{"embeddable":true,"href":"https:\/\/panaderiajuarez.com\/index.php\/wp-json\/wp\/v2\/comments?post=383"}],"version-history":[{"count":15,"href":"https:\/\/panaderiajuarez.com\/index.php\/wp-json\/wp\/v2\/pages\/383\/revisions"}],"predecessor-version":[{"id":444,"href":"https:\/\/panaderiajuarez.com\/index.php\/wp-json\/wp\/v2\/pages\/383\/revisions\/444"}],"wp:attachment":[{"href":"https:\/\/panaderiajuarez.com\/index.php\/wp-json\/wp\/v2\/media?parent=383"}],"curies":[{"name":"wp","href":"https:\/\/api.w.org\/{rel}","templated":true}]}}